{"id":96,"date":"2014-08-24T17:14:26","date_gmt":"2014-08-24T17:14:26","guid":{"rendered":"http:\/\/192.168.1.104\/enfold-blog\/?page_id=2"},"modified":"2023-05-28T14:58:52","modified_gmt":"2023-05-28T14:58:52","slug":"about","status":"publish","type":"page","link":"http:\/\/www.impetuenergy.com\/index.php\/about\/","title":{"rendered":"About"},"content":{"rendered":"<div id='av_section_1'  class='avia-section main_color avia-section-large avia-no-shadow  avia-full-stretch av-section-color-overlay-active avia-bg-style-fixed  avia-builder-el-0  el_before_av_section  avia-builder-el-first   container_wrap sidebar_right' style='background-repeat: no-repeat; background-image: url(http:\/\/www.impetuenergy.com\/wp-content\/uploads\/2022\/10\/about.jpg);background-attachment: fixed; background-position: center center;  '  data-section-bg-repeat='stretch'><div class='av-section-color-overlay-wrap'><div class='av-section-color-overlay' style='opacity: 0.2; background-color: #000000; '><\/div><div class='container' ><main  role=\"main\" itemprop=\"mainContentOfPage\"  class='template-page content  av-content-small alpha units'><div class='post-entry post-entry-type-page post-entry-96'><div class='entry-content-wrapper clearfix'>\n<div  style='padding-bottom:0px; color:#ffffff;font-size:50px;' class='av-special-heading av-special-heading-h3 custom-color-heading blockquote modern-quote modern-centered  avia-builder-el-1  el_before_av_hr  avia-builder-el-first  av-inherit-size '><h3 class='av-special-heading-tag '  itemprop=\"headline\"  >Sobre nosotros<\/h3><div class ='av-subheading av-subheading_below av_custom_color ' style='font-size:15px;'><p>Conoce al equipo que hay detr\u00e1s de la consultora energ\u00e9tica que camina de la mano de miles de clientes cada a\u00f1o.<\/p>\n<\/div><div class='special-heading-border'><div class='special-heading-inner-border' style='border-color:#ffffff'><\/div><\/div><\/div>\n<div  style=' margin-top:30px; margin-bottom:30px;'  class='hr hr-custom hr-center hr-icon-yes   avia-builder-el-2  el_after_av_heading  avia-builder-el-last '><span class='hr-inner   inner-border-av-border-thin' style=' width:20%; border-color:rgba(255,255,255,0.76);' ><span class='hr-inner-style'><\/span><\/span><span class='av-seperator-icon' style='color:#ffffff;' aria-hidden='true' data-av_icon='\ue8bf' data-av_iconfont='entypo-fontello'><\/span><span class='hr-inner   inner-border-av-border-thin' style=' width:20%; border-color:rgba(255,255,255,0.76);' ><span class='hr-inner-style'><\/span><\/span><\/div>\n\n<\/div><\/div><\/main><!-- close content main element --><\/div><\/div><\/div><div id='av_section_2'  class='avia-section main_color avia-section-small avia-no-border-styling  avia-bg-style-fixed  avia-builder-el-3  el_after_av_section  avia-builder-el-last   container_wrap sidebar_right' style=' '  ><div class='container' ><div class='template-page content  av-content-small alpha units'><div class='post-entry post-entry-type-page post-entry-96'><div class='entry-content-wrapper clearfix'>\n<div class='flex_column_table av-equal-height-column-flextable -flextable' style='margin-top:-60px; margin-bottom:0px; '><div class=\"flex_column av_two_third  no_margin flex_column_table_cell av-equal-height-column av-align-top first  avia-builder-el-4  el_before_av_one_third  avia-builder-el-first  \" style='padding:30px; background-color:#ffffff; border-radius:0px; '><p><div  style=' margin-top:30px; margin-bottom:30px;'  class='hr hr-custom hr-center hr-icon-yes  av-desktop-hide av-medium-hide av-small-hide  avia-builder-el-5  el_before_av_heading  avia-builder-el-first '><span class='hr-inner   inner-border-av-border-thin' style=' width:45%;' ><span class='hr-inner-style'><\/span><\/span><span class='av-seperator-icon'  aria-hidden='true' data-av_icon='\ue8bf' data-av_iconfont='entypo-fontello'><\/span><span class='hr-inner   inner-border-av-border-thin' style=' width:45%;' ><span class='hr-inner-style'><\/span><\/span><\/div><br \/>\n<div  style='padding-bottom:0px; ' class='av-special-heading av-special-heading-h3  blockquote modern-quote  avia-builder-el-6  el_after_av_hr  el_before_av_textblock  '><h3 class='av-special-heading-tag '  itemprop=\"headline\"  >Misi\u00f3n y origen<\/h3><div class='special-heading-border'><div class='special-heading-inner-border' ><\/div><\/div><\/div><br \/>\n<section class=\"av_textblock_section \"  itemscope=\"itemscope\" itemtype=\"https:\/\/schema.org\/CreativeWork\" ><div class='avia_textblock  '  style='font-size:18px; '  itemprop=\"text\" ><p>El buque insignia<\/p>\n<\/div><\/section><br \/>\n<div  style=' margin-top:30px; margin-bottom:30px;'  class='hr hr-custom hr-center hr-icon-yes   avia-builder-el-8  el_after_av_textblock  el_before_av_textblock '><span class='hr-inner   inner-border-av-border-thin' style=' width:45%;' ><span class='hr-inner-style'><\/span><\/span><span class='av-seperator-icon'  aria-hidden='true' data-av_icon='\ue8bf' data-av_iconfont='entypo-fontello'><\/span><span class='hr-inner   inner-border-av-border-thin' style=' width:45%;' ><span class='hr-inner-style'><\/span><\/span><\/div><br \/>\n<section class=\"av_textblock_section \"  itemscope=\"itemscope\" itemtype=\"https:\/\/schema.org\/CreativeWork\" ><div class='avia_textblock  '   itemprop=\"text\" ><div id=\"panel-49-0-0-2\" class=\"so-panel widget widget_sow-editor\" data-index=\"2\">\n<div class=\"so-widget-sow-editor so-widget-sow-editor-base\">\n<div class=\"siteorigin-widget-tinymce textwidget\">\n<p>\u00cdmpetu es sin\u00f3nimo de energ\u00eda. Un tipo de energ\u00eda que proviene de la tierra. Un tipo de energ\u00eda positiva, basada en el ahorro, la eficiencia, y la responsabilidad con el medio ambiente.<\/p>\n<p>La misi\u00f3n de \u00cdmpetu Energy es la de despertar y satisfacer las necesidades energ\u00e9ticas de nuestros clientes, mediante soluciones eficientes e innovadoras, satisfaciendo los pilares b\u00e1sicos de confort, ahorro y eficiencia energ\u00e9tica. Ofrecemos una nueva visi\u00f3n de la energ\u00eda, en un viaje continuo hacia la excelencia energ\u00e9tica, el dise\u00f1o y la renovaci\u00f3n, transportando a nuestros clientes hacia la tranquilidad y el confort \u00f3ptimos.<\/p>\n<p>Con nuestra labor protegemos el medio ambiente y promoviendo la energ\u00eda, como norma, al precio m\u00e1s bajo.<\/p>\n<\/div>\n<\/div>\n<\/div>\n<\/div><\/section><br \/>\n<div  style=' margin-top:30px; margin-bottom:30px;'  class='hr hr-custom hr-center hr-icon-yes   avia-builder-el-10  el_after_av_textblock  el_before_av_slideshow '><span class='hr-inner   inner-border-av-border-thin' style=' width:45%;' ><span class='hr-inner-style'><\/span><\/span><span class='av-seperator-icon'  aria-hidden='true' data-av_icon='\ue8bf' data-av_iconfont='entypo-fontello'><\/span><span class='hr-inner   inner-border-av-border-thin' style=' width:45%;' ><span class='hr-inner-style'><\/span><\/span><\/div><br \/>\n<div   data-size='entry_with_sidebar'  data-lightbox_size='large'  data-animation='slide'  data-conditional_play=''  data-ids='470,469,468,467'  data-video_counter='0'  data-autoplay='true'  data-bg_slider='false'  data-slide_height=''  data-handle='av_slideshow'  data-interval='3'  data-class=' avia-builder-el-11  el_after_av_hr  el_before_av_textblock  '  data-el_id=''  data-css_id=''  data-scroll_down=''  data-control_layout='av-control-minimal'  data-custom_markup=''  data-perma_caption=''  data-autoplay_stopper=''  data-image_attachment=''  data-min_height='0px'  data-default-height='37.988165680473'  class='avia-slideshow avia-slideshow-1  av-control-minimal av-default-height-applied avia-slideshow-entry_with_sidebar av_slideshow  avia-builder-el-11  el_after_av_hr  el_before_av_textblock   avia-slide-slider '  itemprop=\"image\" itemscope=\"itemscope\" itemtype=\"https:\/\/schema.org\/ImageObject\" ><ul class='avia-slideshow-inner ' style='padding-bottom: 37.988165680473%;' ><li  class=' slide-1 ' ><div data-rel='slideshow-1' class='avia-slide-wrap '   ><img src='http:\/\/www.impetuenergy.com\/wp-content\/uploads\/2022\/10\/Carrusel_Principal_2_1280-1024x450-1-845x321.jpg' width='845' height='321' title='Carrusel_Principal_2_1280-1024x450' alt=''  itemprop=\"thumbnailUrl\"   \/><\/div><\/li><li  class=' slide-2 ' ><div data-rel='slideshow-1' class='avia-slide-wrap '   ><img src='http:\/\/www.impetuenergy.com\/wp-content\/uploads\/2022\/10\/Carrusel_Principal_3_1280-1024x450-1-845x321.jpg' width='845' height='321' title='Carrusel_Principal_3_1280-1024x450' alt=''  itemprop=\"thumbnailUrl\"   \/><\/div><\/li><li  class=' slide-3 ' ><div data-rel='slideshow-1' class='avia-slide-wrap '   ><img src='http:\/\/www.impetuenergy.com\/wp-content\/uploads\/2022\/10\/Carrusel_Principal_4_1280-1024x450-1-845x321.jpg' width='845' height='321' title='Carrusel_Principal_4_1280-1024x450' alt=''  itemprop=\"thumbnailUrl\"   \/><\/div><\/li><li  class=' slide-4 ' ><div data-rel='slideshow-1' class='avia-slide-wrap '   ><img src='http:\/\/www.impetuenergy.com\/wp-content\/uploads\/2022\/10\/Carrusel_Principal_1_1280-1024x450-1-845x321.jpg' width='845' height='321' title='Carrusel_Principal_1_1280-1024x450' alt=''  itemprop=\"thumbnailUrl\"   \/><\/div><\/li><\/ul><div class='avia-slideshow-arrows avia-slideshow-controls'><a href='#prev' class='prev-slide' aria-hidden='true' data-av_icon='\ue87c' data-av_iconfont='entypo-fontello'>Previous<\/a><a href='#next' class='next-slide' aria-hidden='true' data-av_icon='\ue87d' data-av_iconfont='entypo-fontello'>Next<\/a><\/div><div class='avia-slideshow-dots avia-slideshow-controls'><a href='#1' class='goto-slide active' >1<\/a><a href='#2' class='goto-slide ' >2<\/a><a href='#3' class='goto-slide ' >3<\/a><a href='#4' class='goto-slide ' >4<\/a><\/div><\/div><br \/>\n<section class=\"av_textblock_section \"  itemscope=\"itemscope\" itemtype=\"https:\/\/schema.org\/CreativeWork\" ><div class='avia_textblock  '   itemprop=\"text\" ><p>En 2009 se inicia la aventura \u00cdmpetu Energy en la ciudad andaluza de Jerez. Con un origen puramente basado en el outsourcing comercial, el objetivo era el de ofrecer mejoras a nivel energ\u00e9tico a empresas. En 2011 empieza su expansi\u00f3n en Espa\u00f1a llegando a varios puntos de Castilla la Mancha, Madrid y Castilla Le\u00f3n, ampliando su servicio a una variada gama de productos de eficiencia energ\u00e9tica.<\/p>\n<p>Tras 15 a\u00f1os de crecimiento, \u00cdMPETU ENERGY tiene presencia comercial en toda Espa\u00f1a, donde somos empresa l\u00edder en eficiencia energ\u00e9tica. As\u00ed lo demuestra nuestros acuerdos de colaboraci\u00f3n con las mejores compa\u00f1\u00edas comercializadoras de gas y electricidad de todo el pa\u00eds.<\/p>\n<\/div><\/section><br \/>\n<div  style=' margin-top:30px; margin-bottom:30px;'  class='hr hr-custom hr-center hr-icon-yes   avia-builder-el-13  el_after_av_textblock  avia-builder-el-last '><span class='hr-inner   inner-border-av-border-thin' style=' width:45%;' ><span class='hr-inner-style'><\/span><\/span><span class='av-seperator-icon'  aria-hidden='true' data-av_icon='\ue8bf' data-av_iconfont='entypo-fontello'><\/span><span class='hr-inner   inner-border-av-border-thin' style=' width:45%;' ><span class='hr-inner-style'><\/span><\/span><\/div><\/p><\/div><div class=\"flex_column av_one_third  no_margin flex_column_table_cell av-equal-height-column av-align-top   avia-builder-el-14  el_after_av_two_third  avia-builder-el-last  \" style='padding:30px; background-color:#f0f0f0; border-radius:0px; '><p><br \/>\n<section class=\"av_textblock_section \"  itemscope=\"itemscope\" itemtype=\"https:\/\/schema.org\/CreativeWork\" ><div class='avia_textblock  '   itemprop=\"text\" ><p>En nuestra web podr\u00e1s encontrar un breve resumen de todas las cuestiones relacionadas con la energ\u00eda en las que podemos brindarte el mejor asesoramiento. Para conocer m\u00e1s detalles sobre cualquiera de ellas, no dudes en ponerte en contacto con nosotros.<\/p>\n<\/div><\/section><br \/>\n<div  style=' margin-top:30px; margin-bottom:30px;'  class='hr hr-custom hr-center hr-icon-yes   avia-builder-el-17  el_after_av_textblock  el_before_av_animated_numbers '><span class='hr-inner   inner-border-av-border-thin' style=' width:45%;' ><span class='hr-inner-style'><\/span><\/span><span class='av-seperator-icon'  aria-hidden='true' data-av_icon='\ue8bf' data-av_iconfont='entypo-fontello'><\/span><span class='hr-inner   inner-border-av-border-thin' style=' width:45%;' ><span class='hr-inner-style'><\/span><\/span><\/div><br \/>\n<div  class=\"avia-animated-number av-force-default-color  avia-color-  avia-builder-el-18  el_after_av_hr  el_before_av_hr  avia_animate_when_visible\"  data-timer=\"3000\"><strong class=\"heading avia-animated-number-title\" ><span class=\"avia-single-number __av-single-number\" data-number_format=\"\" data-number=\"15\" data-start_from=\"0\">15<\/span><\/strong><div class='avia-animated-number-content' ><p>A\u00f1os de crecimiento<\/p>\n<\/div><\/div><br \/>\n<div  style=' margin-top:30px; margin-bottom:30px;'  class='hr hr-custom hr-center hr-icon-yes   avia-builder-el-19  el_after_av_animated_numbers  el_before_av_image '><span class='hr-inner   inner-border-av-border-thin' style=' width:45%;' ><span class='hr-inner-style'><\/span><\/span><span class='av-seperator-icon'  aria-hidden='true' data-av_icon='\ue8bf' data-av_iconfont='entypo-fontello'><\/span><span class='hr-inner   inner-border-av-border-thin' style=' width:45%;' ><span class='hr-inner-style'><\/span><\/span><\/div><br \/>\n<div  class='avia-image-container  av-styling-    avia-builder-el-20  el_after_av_hr  el_before_av_hr  avia-align-center '  itemprop=\"image\" itemscope=\"itemscope\" itemtype=\"https:\/\/schema.org\/ImageObject\"  ><div class='avia-image-container-inner'><div class='avia-image-overlay-wrap'><img class='avia_image' src='http:\/\/www.impetuenergy.com\/wp-content\/uploads\/2022\/10\/impetu-1.png' alt='' title='impetu-1' height=\"104\" width=\"91\"  itemprop=\"thumbnailUrl\"  \/><\/div><\/div><\/div><br \/>\n<div  style=' margin-top:30px; margin-bottom:30px;'  class='hr hr-custom hr-center hr-icon-yes   avia-builder-el-21  el_after_av_image  el_before_av_image '><span class='hr-inner   inner-border-av-border-thin' style=' width:45%;' ><span class='hr-inner-style'><\/span><\/span><span class='av-seperator-icon'  aria-hidden='true' data-av_icon='\ue8bf' data-av_iconfont='entypo-fontello'><\/span><span class='hr-inner   inner-border-av-border-thin' style=' width:45%;' ><span class='hr-inner-style'><\/span><\/span><\/div><br \/>\n<div  class='avia-image-container  av-styling-    avia-builder-el-22  el_after_av_hr  avia-builder-el-last  avia-align-center '  itemprop=\"image\" itemscope=\"itemscope\" itemtype=\"https:\/\/schema.org\/ImageObject\"  ><div class='avia-image-container-inner'><div class='avia-image-overlay-wrap'><img class='avia_image' src='http:\/\/www.impetuenergy.com\/wp-content\/uploads\/2022\/11\/Impetu-ardido-scaled.jpg' alt='' title='Impetu ardido' height=\"2560\" width=\"2560\"  itemprop=\"thumbnailUrl\"  \/><\/div><\/div><\/div><\/p><\/div><\/div><!--close column table wrapper. Autoclose: 1 --><\/div><\/div><\/div><!-- close content main div --><\/div><\/div><div id='after_section_2'  class='main_color av_default_container_wrap container_wrap sidebar_right' style=' '  ><div class='container' ><div class='template-page content  av-content-small alpha units'><div class='post-entry post-entry-type-page post-entry-96'><div class='entry-content-wrapper clearfix'>\n","protected":false},"excerpt":{"rendered":"","protected":false},"author":1,"featured_media":0,"parent":0,"menu_order":0,"comment_status":"open","ping_status":"open","template":"","meta":{"footnotes":""},"class_list":["post-96","page","type-page","status-publish","hentry"],"_links":{"self":[{"href":"http:\/\/www.impetuenergy.com\/index.php\/wp-json\/wp\/v2\/pages\/96","targetHints":{"allow":["GET"]}}],"collection":[{"href":"http:\/\/www.impetuenergy.com\/index.php\/wp-json\/wp\/v2\/pages"}],"about":[{"href":"http:\/\/www.impetuenergy.com\/index.php\/wp-json\/wp\/v2\/types\/page"}],"author":[{"embeddable":true,"href":"http:\/\/www.impetuenergy.com\/index.php\/wp-json\/wp\/v2\/users\/1"}],"replies":[{"embeddable":true,"href":"http:\/\/www.impetuenergy.com\/index.php\/wp-json\/wp\/v2\/comments?post=96"}],"version-history":[{"count":10,"href":"http:\/\/www.impetuenergy.com\/index.php\/wp-json\/wp\/v2\/pages\/96\/revisions"}],"predecessor-version":[{"id":644,"href":"http:\/\/www.impetuenergy.com\/index.php\/wp-json\/wp\/v2\/pages\/96\/revisions\/644"}],"wp:attachment":[{"href":"http:\/\/www.impetuenergy.com\/index.php\/wp-json\/wp\/v2\/media?parent=96"}],"curies":[{"name":"wp","href":"https:\/\/api.w.org\/{rel}","templated":true}]}}